{"id":241,"date":"2021-07-02T14:06:01","date_gmt":"2021-07-02T12:06:01","guid":{"rendered":"https:\/\/www.mibutec.at\/en\/?page_id=241"},"modified":"2021-07-02T14:39:55","modified_gmt":"2021-07-02T12:39:55","slug":"cnc-services","status":"publish","type":"page","link":"https:\/\/www.mibutec.at\/en\/cnc-services\/","title":{"rendered":"CNC services"},"content":{"rendered":"\n<h2 class=\"wp-block-heading\">Aluminium, composite panels, plastic panels<\/h2>\n\n\n\n<p><strong>Contract manufacturing: in our CNC machining centres, we use special vacuum clamping technology to produce high-precision functional parts or design elements for our customers from the business-to-business sector.<\/strong><\/p>\n\n\n\n<div class=\"wp-block-ugb-feature-grid ugb-feature-grid ugb-332eb3f ugb-feature-grid--v2 ugb-feature-grid--columns-3 ugb-feature-grid--design-basic ugb-main-block\"><style>.ugb-332eb3f .ugb-feature-grid__item{border-radius:0px !important;border-style:solid !important;border-color:#f7f5f5 !important;border-top-width:3px !important;border-right-width:3px !important;border-bottom-width:3px !important;border-left-width:3px !important}.ugb-332eb3f .ugb-feature-grid__title{color:#014a95;font-size:20px !important}<\/style><div class=\"ugb-inner-block\"><div class=\"ugb-block-content\"><div class=\"ugb-feature-grid__item ugb-feature-grid__item1\"><div class=\"ugb-feature-grid__content\"><h3 class=\"ugb-feature-grid__title\">Large formats<\/h3><p class=\"ugb-feature-grid__description\">With 6.4 m x 1.5 m machining area, even large panels are no obstacle<\/p><\/div><\/div><div class=\"ugb-feature-grid__item ugb-feature-grid__item2\"><div class=\"ugb-feature-grid__content\"><h3 class=\"ugb-feature-grid__title\">Surface-friendly<\/h3><p class=\"ugb-feature-grid__description\">The vacuum clamping technology on our CNC milling centres contributes significantly to clean and damage-free processing.<\/p><\/div><\/div><div class=\"ugb-feature-grid__item ugb-feature-grid__item3\"><div class=\"ugb-feature-grid__content\"><h3 class=\"ugb-feature-grid__title\">Many materials<\/h3><p class=\"ugb-feature-grid__description\">We process aluminium, plastic and composite panels, among others, on a CNC contract basis. Talk to us about your wishes.<\/p><\/div><\/div><\/div><\/div><\/div>\n\n\n\n<h2 class=\"wp-block-heading\">CNC surface machining<\/h2>\n\n\n\n<p>In CNC surface machining, we are the perfect partner for companies that require high-precision parts made of aluminium or composite panels.<\/p>\n\n\n\n<p>Krotzer Fertigungstechnik has one of the most modern machine parks in flat profile and surface machining. Even large formats, with a machining surface of up to 6.4 metres in length and a width of 1.5 metres, are possible.<\/p>\n\n\n<div>\u00a0<\/div>\n<div id='gallery-1' class='gallery galleryid-241 gallery-columns-3 gallery-size-thumbnail'><figure class='gallery-item'>\n\t\t\t<div class='gallery-icon landscape'>\n\t\t\t\t<a href='https:\/\/www.mibutec.at\/en\/?attachment_id=196'><img loading=\"lazy\" decoding=\"async\" width=\"150\" height=\"150\" src=\"https:\/\/www.mibutec.at\/en\/wp-content\/uploads\/sites\/2\/2018\/10\/fraesmuster-Softline-kantig-150x150.jpg\" class=\"attachment-thumbnail size-thumbnail\" alt=\"Sample\" \/><\/a>\n\t\t\t<\/div><\/figure><figure class='gallery-item'>\n\t\t\t<div class='gallery-icon landscape'>\n\t\t\t\t<a href='https:\/\/www.mibutec.at\/en\/?attachment_id=191'><img loading=\"lazy\" decoding=\"async\" width=\"150\" height=\"150\" src=\"https:\/\/www.mibutec.at\/en\/wp-content\/uploads\/sites\/2\/2018\/10\/sockelblech-150x150.jpg\" class=\"attachment-thumbnail size-thumbnail\" alt=\"Sockel\" \/><\/a>\n\t\t\t<\/div><\/figure><figure class='gallery-item'>\n\t\t\t<div class='gallery-icon landscape'>\n\t\t\t\t<a href='https:\/\/www.mibutec.at\/en\/?attachment_id=188'><img loading=\"lazy\" decoding=\"async\" width=\"150\" height=\"150\" src=\"https:\/\/www.mibutec.at\/en\/wp-content\/uploads\/sites\/2\/2018\/10\/nutkante1-150x150.jpg\" class=\"attachment-thumbnail size-thumbnail\" alt=\"Nut\" \/><\/a>\n\t\t\t<\/div><\/figure><figure class='gallery-item'>\n\t\t\t<div class='gallery-icon portrait'>\n\t\t\t\t<a href='https:\/\/www.mibutec.at\/en\/?attachment_id=189'><img loading=\"lazy\" decoding=\"async\" width=\"150\" height=\"150\" src=\"https:\/\/www.mibutec.at\/en\/wp-content\/uploads\/sites\/2\/2018\/10\/nutkante2-150x150.jpg\" class=\"attachment-thumbnail size-thumbnail\" alt=\"Nut\" \/><\/a>\n\t\t\t<\/div><\/figure><figure class='gallery-item'>\n\t\t\t<div class='gallery-icon portrait'>\n\t\t\t\t<a href='https:\/\/www.mibutec.at\/en\/cnc-services\/tor-collage2\/'><img loading=\"lazy\" decoding=\"async\" width=\"150\" height=\"150\" src=\"https:\/\/www.mibutec.at\/en\/wp-content\/uploads\/sites\/2\/2021\/07\/tor-collage2-150x150.jpg\" class=\"attachment-thumbnail size-thumbnail\" alt=\"\" \/><\/a>\n\t\t\t<\/div><\/figure><figure class='gallery-item'>\n\t\t\t<div class='gallery-icon portrait'>\n\t\t\t\t<a href='https:\/\/www.mibutec.at\/en\/cnc-services\/monat8\/'><img loading=\"lazy\" decoding=\"async\" width=\"150\" height=\"150\" src=\"https:\/\/www.mibutec.at\/en\/wp-content\/uploads\/sites\/2\/2021\/07\/rutschsicherung-150x150.jpg\" class=\"attachment-thumbnail size-thumbnail\" alt=\"\" \/><\/a>\n\t\t\t<\/div><\/figure><figure class='gallery-item'>\n\t\t\t<div class='gallery-icon landscape'>\n\t\t\t\t<a href='https:\/\/www.mibutec.at\/en\/?attachment_id=194'><img loading=\"lazy\" decoding=\"async\" width=\"150\" height=\"150\" src=\"https:\/\/www.mibutec.at\/en\/wp-content\/uploads\/sites\/2\/2018\/10\/fraesen3-150x150.jpg\" class=\"attachment-thumbnail size-thumbnail\" alt=\"Trittschutz\" \/><\/a>\n\t\t\t<\/div><\/figure><figure class='gallery-item'>\n\t\t\t<div class='gallery-icon landscape'>\n\t\t\t\t<a href='https:\/\/www.mibutec.at\/en\/?attachment_id=193'><img loading=\"lazy\" decoding=\"async\" width=\"150\" height=\"150\" src=\"https:\/\/www.mibutec.at\/en\/wp-content\/uploads\/sites\/2\/2018\/10\/fraesen2-150x150.jpg\" class=\"attachment-thumbnail size-thumbnail\" alt=\"CNC\" \/><\/a>\n\t\t\t<\/div><\/figure>\n\t\t<\/div>\n\n\n\n<div style=\"height:30px\" aria-hidden=\"true\" class=\"wp-block-spacer\"><\/div>\n\n\n\n<p>CNC production achieves a precision that would be unthinkable with manual machining. In our CNC full machining centres with special vacuum clamping technology, we are predestined to process orders in the shortest possible time and in high-tech quality. This also includes the damage-free production of corners and edge finishes using V-grooves on finished surface materials (aluminium, aluminium compound and aluminium compact panels).<\/p>\n\n\n\n<p>We saw, mill and drill plastic and aluminium panels, HPL panels and sandwich panels, among others.<\/p>\n\n\n\n<h3 class=\"wp-block-heading\">We accompany you during the development and manufacture prototypes<\/h3>\n\n\n\n<p>CNC-controlled machines are capable of producing a very wide range of different components. We will be happy to accompany you through the production of prototypes as early as the development stage and advise you on which material is best suited to your requirements profile.<\/p>\n\n\n\n<p>Are you interested? Write to us: <a href=\"mailto:office@krotzer.at\">office@krotzer.at<\/a><\/p>\n\n\n\n<div class=\"wp-block-ugb-container ugb-container ugb-3713bb4 ugb-container--v2 ugb-container--design-basic ugb-main-block\"><style>.ugb-3713bb4-wrapper.ugb-container__wrapper{border-radius:0px !important;border-style:solid !important;border-color:#ffcc00 !important;border-top-width:4px !important;border-right-width:4px !important;border-bottom-width:4px !important;border-left-width:4px !important}<\/style><div class=\"ugb-inner-block\"><div class=\"ugb-block-content\"><div class=\"ugb-container__wrapper ugb-3713bb4-wrapper\"><div class=\"ugb-container__side\"><div class=\"ugb-container__content-wrapper ugb-3713bb4-content-wrapper\">\n<h3 class=\"h-noPad has-medium-font-size wp-block-heading\"><strong>Technical data CNC machine<\/strong>s<\/h3>\n\n\n\n<ul class=\"wp-block-list\"><li>CNC surface machining four-axis up to 6400 mm length<\/li><li>1500 mm width and 200 mm height<\/li><li>Aggregate equipment: 18 KW high-speed spindle incl. moving tool magazine as well as a grid boring mill and sawing aggregate<\/li><\/ul>\n\n\n\n<div style=\"height:15px\" aria-hidden=\"true\" class=\"wp-block-spacer\"><\/div>\n\n\n\n<h4 class=\"has-medium-font-size wp-block-heading\">Materials<\/h4>\n\n\n\n<ul class=\"wp-block-list\"><li>Alu Compound<\/li><li>HPL panels<\/li><li>Plastic<\/li><li>Aluminium panels from 0.5 &#8211; 6 mm thickness in standard and anodised quality<\/li><li>Multilayer panels in wood or similar construction<\/li><\/ul>\n\n\n\n<div style=\"height:15px\" aria-hidden=\"true\" class=\"wp-block-spacer\"><\/div>\n\n\n\n<h3 class=\"has-medium-font-size wp-block-heading\">Data transfer &amp; editing<\/h3>\n\n\n\n<ul class=\"wp-block-list\"><li>Creation of accurate drawings based on your sketches<\/li><li>DXF files<\/li><li>DWG files<\/li><\/ul>\n\n\n\n<p><\/p>\n<\/div><\/div><\/div><\/div><\/div><\/div>\n\n\n\n<p>Egal ob Teile f\u00fcr Haust\u00fcren, Fenster, Aluminiumb\u00f6den, Leichtbauteile oder Alufronten &#8211; den M\u00f6glichkeiten der CNC-Bearbeitung sind kaum Grenzen gesetzt. Wir denken in L\u00f6sungen und verf\u00fcgen mehr als 30 Jahre Erfahrung. Dar\u00fcber hinaus sind wir flexibel, schnell und vorausschauend.<\/p>\n\n\n\n<h2 class=\"wp-block-heading\"><strong>High-precision parts according to your wishes<\/strong><\/h2>\n\n\n\n<p>We produce in contract manufacturing according to your plans.<\/p>\n\n\n\n<p>All parts are manufactured on site, at our premises. Your order is in the hands of our CNC experts at all times. On the one hand, this leads to fast processing of your orders and, on the other hand, to flexible processes. Short-term changes are no obstacle, as long as production has not yet started.<\/p>\n\n\n\n<p>Special measuring instruments ensure a high fitting accuracy and compliance with all required dimensions.<\/p>\n\n\n\n<p><strong>Our quality is based on a high level of expertise, modern machinery, many years of experience and a high level of solution competence.<\/strong><\/p>\n\n\n<div id='gallery-2' class='gallery galleryid-241 gallery-columns-3 gallery-size-thumbnail'><figure class='gallery-item'>\n\t\t\t<div class='gallery-icon landscape'>\n\t\t\t\t<a href='https:\/\/www.mibutec.at\/en\/cnc-services\/dsc-17-00094-1\/'><img loading=\"lazy\" decoding=\"async\" width=\"150\" height=\"150\" src=\"https:\/\/www.mibutec.at\/en\/wp-content\/uploads\/sites\/2\/2021\/07\/Monat4-150x150.jpg\" class=\"attachment-thumbnail size-thumbnail\" alt=\"\" \/><\/a>\n\t\t\t<\/div><\/figure><figure class='gallery-item'>\n\t\t\t<div class='gallery-icon portrait'>\n\t\t\t\t<a href='https:\/\/www.mibutec.at\/en\/cnc-services\/monate\/'><img loading=\"lazy\" decoding=\"async\" width=\"150\" height=\"150\" src=\"https:\/\/www.mibutec.at\/en\/wp-content\/uploads\/sites\/2\/2021\/07\/Monat9-150x150.jpg\" class=\"attachment-thumbnail size-thumbnail\" alt=\"\" \/><\/a>\n\t\t\t<\/div><\/figure><figure class='gallery-item'>\n\t\t\t<div class='gallery-icon landscape'>\n\t\t\t\t<a href='https:\/\/www.mibutec.at\/en\/?attachment_id=195'><img loading=\"lazy\" decoding=\"async\" width=\"150\" height=\"150\" src=\"https:\/\/www.mibutec.at\/en\/wp-content\/uploads\/sites\/2\/2018\/10\/fraesloecher-150x150.jpg\" class=\"attachment-thumbnail size-thumbnail\" alt=\"Holes\" \/><\/a>\n\t\t\t<\/div><\/figure><figure class='gallery-item'>\n\t\t\t<div class='gallery-icon portrait'>\n\t\t\t\t<a href='https:\/\/www.mibutec.at\/en\/?attachment_id=190'><img loading=\"lazy\" decoding=\"async\" width=\"150\" height=\"150\" src=\"https:\/\/www.mibutec.at\/en\/wp-content\/uploads\/sites\/2\/2018\/10\/ring-150x150.jpg\" class=\"attachment-thumbnail size-thumbnail\" alt=\"Design Element\" srcset=\"https:\/\/www.mibutec.at\/en\/wp-content\/uploads\/sites\/2\/2018\/10\/ring-150x150.jpg 150w, https:\/\/www.mibutec.at\/en\/wp-content\/uploads\/sites\/2\/2018\/10\/ring-768x775.jpg 768w, https:\/\/www.mibutec.at\/en\/wp-content\/uploads\/sites\/2\/2018\/10\/ring-1014x1024.jpg 1014w, https:\/\/www.mibutec.at\/en\/wp-content\/uploads\/sites\/2\/2018\/10\/ring.jpg 1168w\" sizes=\"auto, (max-width: 150px) 100vw, 150px\" \/><\/a>\n\t\t\t<\/div><\/figure>\n\t\t<\/div>\n\n\n\n<div style=\"height:21px\" aria-hidden=\"true\" class=\"wp-block-spacer\"><\/div>\n\n\n\n<h3 class=\"wp-block-heading\">What we are strong in<\/h3>\n\n\n\n<ul class=\"wp-block-list\"><li><strong>Production of CNC parts<\/strong> made of aluminium. Whether individual parts, small or large series.<\/li><li><strong>High-precision milling and drilling technology<\/strong><\/li><li><strong>Feasibility studies<\/strong> to achieve the optimum combination of quality and economy in production<\/li><li><strong>Sample and prototype construction <\/strong>to achieve the best solution for your requirement profile<\/li><li><strong>Advice on the right choice of material<\/strong> &#8211; also with regard to surface finishing<\/li><li><strong>Finding solutions<\/strong> with special requirements for material, design and functionality<\/li><\/ul>\n\n\n\n<div style=\"height:15px\" aria-hidden=\"true\" class=\"wp-block-spacer\"><\/div>\n\n\n\n<h2 class=\"wp-block-heading\" id=\"a1\">Sawing profiles with CNC support<\/h2>\n\n\n\n<p>In addition to CNC production, CNC sawing services are also part of our range of services. This ensures precise mitre cuts, among other tasks.<\/p>\n\n\n\n<div class=\"wp-block-ugb-container ugb-container ugb-e7dfc22 ugb-container--v2 ugb-container--design-basic ugb-main-block\"><style>.ugb-e7dfc22-wrapper.ugb-container__wrapper{border-radius:0px !important;border-style:solid !important;border-color:#ffcc00 !important;border-top-width:4px !important;border-right-width:4px !important;border-bottom-width:4px !important;border-left-width:4px !important}<\/style><div class=\"ugb-inner-block\"><div class=\"ugb-block-content\"><div class=\"ugb-container__wrapper ugb-e7dfc22-wrapper\"><div class=\"ugb-container__side\"><div class=\"ugb-container__content-wrapper ugb-e7dfc22-content-wrapper\">\n<h2 class=\"h-noPad has-medium-font-size wp-block-heading\"><strong>Technical data CNC saw<\/strong><\/h2>\n\n\n\n<ul class=\"wp-block-list\"><li>500 mm saw blade diameter with pneumatic clamping device<\/li><li>Workpiece friendly feeding on roller feeder<\/li><li>Sawing of profiles and aluminium flat material up to a diameter of 250 mm<\/li><\/ul>\n<\/div><\/div><\/div><\/div><\/div><\/div>\n\n\n\n<p>Favourable further processing through our connected CNC grid boring mill.<\/p>\n\n\n<div id='gallery-3' class='gallery galleryid-241 gallery-columns-3 gallery-size-thumbnail'><figure class='gallery-item'>\n\t\t\t<div class='gallery-icon landscape'>\n\t\t\t\t<a href='https:\/\/www.mibutec.at\/en\/?attachment_id=176'><img loading=\"lazy\" decoding=\"async\" width=\"150\" height=\"150\" src=\"https:\/\/www.mibutec.at\/en\/wp-content\/uploads\/sites\/2\/2018\/10\/saegen3-150x150.jpg\" class=\"attachment-thumbnail size-thumbnail\" alt=\"Mitre and profile sawing plant\" \/><\/a>\n\t\t\t<\/div><\/figure><figure class='gallery-item'>\n\t\t\t<div class='gallery-icon landscape'>\n\t\t\t\t<a href='https:\/\/www.mibutec.at\/en\/?attachment_id=177'><img loading=\"lazy\" decoding=\"async\" width=\"150\" height=\"150\" src=\"https:\/\/www.mibutec.at\/en\/wp-content\/uploads\/sites\/2\/2018\/10\/saegen5-150x150.jpg\" class=\"attachment-thumbnail size-thumbnail\" alt=\"Mitre and profile sawing plant\" \/><\/a>\n\t\t\t<\/div><\/figure><figure class='gallery-item'>\n\t\t\t<div class='gallery-icon landscape'>\n\t\t\t\t<a href='https:\/\/www.mibutec.at\/en\/?attachment_id=178'><img loading=\"lazy\" decoding=\"async\" width=\"150\" height=\"150\" src=\"https:\/\/www.mibutec.at\/en\/wp-content\/uploads\/sites\/2\/2018\/10\/saegen2-150x150.jpg\" class=\"attachment-thumbnail size-thumbnail\" alt=\"Mitre and profile sawing plant\" \/><\/a>\n\t\t\t<\/div><\/figure>\n\t\t<\/div>\n\n\n\n<div style=\"height:20px\" aria-hidden=\"true\" class=\"wp-block-spacer\"><\/div>\n\n\n\n<p>For years, we have been accompanying customers in the fields of <a href=\"https:\/\/www.mibutec.at\/en\/products\/garage-door-panels\/\" data-type=\"page\" data-id=\"5\">garage doors<\/a>, <a href=\"https:\/\/www.mibutec.at\/en\/products\/front-door-panels\/\" data-type=\"page\" data-id=\"19\">front doors<\/a>, premium kitchens, <a href=\"https:\/\/www.mibutec.at\/en\/products\/screen-fences\/\" data-type=\"page\" data-id=\"22\">fencing<\/a> and <a href=\"https:\/\/www.mibutec.at\/en\/products\/balcony-elements\/\" data-type=\"page\" data-id=\"20\">balcony<\/a> or niche products.<\/p>\n\n\n\n<p>We would be happy to think about the implementation of your visions together with you. Write to us: <a href=\"mailto:office@krotzer.at\">office@krotzer.at<\/a><\/p>\n","protected":false},"excerpt":{"rendered":"<p>Aluminium, composite panels, plastic panels Contract manufacturing: in our CNC machining centres, we use special vacuum clamping technology to produce high-precision functional parts or design elements for our customers from the business-to-business sector. Large formats With 6.4 m x 1.5&hellip;&nbsp;<a href=\"https:\/\/www.mibutec.at\/en\/cnc-services\/\" class=\"more-link\">Read More<\/a><\/p>\n","protected":false},"author":1,"featured_media":260,"parent":0,"menu_order":0,"comment_status":"closed","ping_status":"closed","template":"","meta":{"_acf_changed":false,"footnotes":""},"class_list":["post-241","page","type-page","status-publish","has-post-thumbnail","hentry"],"acf":[],"featured_image_urls_v2":{"full":["https:\/\/www.mibutec.at\/en\/wp-content\/uploads\/sites\/2\/2021\/07\/26.jpg",1920,490,false],"thumbnail":["https:\/\/www.mibutec.at\/en\/wp-content\/uploads\/sites\/2\/2021\/07\/26-150x150.jpg",150,150,true],"medium":["https:\/\/www.mibutec.at\/en\/wp-content\/uploads\/sites\/2\/2021\/07\/26-300x77.jpg",300,77,true],"medium_large":["https:\/\/www.mibutec.at\/en\/wp-content\/uploads\/sites\/2\/2021\/07\/26-768x196.jpg",640,163,true],"large":["https:\/\/www.mibutec.at\/en\/wp-content\/uploads\/sites\/2\/2021\/07\/26-1024x261.jpg",640,163,true],"1536x1536":["https:\/\/www.mibutec.at\/en\/wp-content\/uploads\/sites\/2\/2021\/07\/26-1536x392.jpg",1536,392,true],"2048x2048":["https:\/\/www.mibutec.at\/en\/wp-content\/uploads\/sites\/2\/2021\/07\/26.jpg",1920,490,false],"best-business-thumb":["https:\/\/www.mibutec.at\/en\/wp-content\/uploads\/sites\/2\/2021\/07\/26-360x92.jpg",360,92,true]},"post_excerpt_stackable_v2":"<p>Aluminium, composite panels, plastic panels Contract manufacturing: in our CNC machining centres, we use special vacuum clamping technology to produce high-precision functional parts or design elements for our customers from the business-to-business sector. Large formatsWith 6.4 m x 1.5 m machining area, even large panels are no obstacleSurface-friendlyThe vacuum clamping technology on our CNC milling centres contributes significantly to clean and damage-free processing.Many materialsWe process aluminium, plastic and composite panels, among others, on a CNC contract basis. Talk to us about your wishes. CNC surface machining In CNC surface machining, we are the perfect partner for companies that require high-precision&hellip;<\/p>\n","category_list_v2":"","author_info_v2":{"name":"Krotzer CNC-Fertigungstechnik","url":"https:\/\/www.mibutec.at\/en\/author\/krotzeradmin\/"},"comments_num_v2":"0 comments","_links":{"self":[{"href":"https:\/\/www.mibutec.at\/en\/wp-json\/wp\/v2\/pages\/241","targetHints":{"allow":["GET"]}}],"collection":[{"href":"https:\/\/www.mibutec.at\/en\/wp-json\/wp\/v2\/pages"}],"about":[{"href":"https:\/\/www.mibutec.at\/en\/wp-json\/wp\/v2\/types\/page"}],"author":[{"embeddable":true,"href":"https:\/\/www.mibutec.at\/en\/wp-json\/wp\/v2\/users\/1"}],"replies":[{"embeddable":true,"href":"https:\/\/www.mibutec.at\/en\/wp-json\/wp\/v2\/comments?post=241"}],"version-history":[{"count":14,"href":"https:\/\/www.mibutec.at\/en\/wp-json\/wp\/v2\/pages\/241\/revisions"}],"predecessor-version":[{"id":285,"href":"https:\/\/www.mibutec.at\/en\/wp-json\/wp\/v2\/pages\/241\/revisions\/285"}],"wp:featuredmedia":[{"embeddable":true,"href":"https:\/\/www.mibutec.at\/en\/wp-json\/wp\/v2\/media\/260"}],"wp:attachment":[{"href":"https:\/\/www.mibutec.at\/en\/wp-json\/wp\/v2\/media?parent=241"}],"curies":[{"name":"wp","href":"https:\/\/api.w.org\/{rel}","templated":true}]}}